{"id":223,"date":"2019-02-04T20:13:28","date_gmt":"2019-02-04T19:13:28","guid":{"rendered":"http:\/\/2020.ai-gf.com\/?page_id=223"},"modified":"2023-09-04T19:08:50","modified_gmt":"2023-09-04T17:08:50","slug":"schedule","status":"publish","type":"page","link":"https:\/\/2020.ai-gf.com\/?page_id=223","title":{"rendered":"Schedule"},"content":{"rendered":"\n<h4 class=\"wp-block-heading\"><span style=\"color: #ff6600;\"><em>Please note that all the following times are in Central European Summer Time (CEST).<\/em><\/span><\/h4>\n\n\n\n<h4 class=\"wp-block-heading\">June 8th, 2020<\/h4>\n\n\n\n<figure class=\"wp-block-table alignwide\"><table><tbody><tr><td><strong>08:00 &#8211; 08:30<\/strong><\/td><td><strong>Setting-Up<\/strong><\/td><\/tr><tr><td>&nbsp;<\/td><td><em>Get your internet connection running, and say &#8220;Hello!&#8221; over virtual coffee<\/em><\/td><\/tr><tr><td><strong>08:30 &#8211; 09:00<\/strong><\/td><td><strong>Welcome and Overview<\/strong><\/td><\/tr><tr><td>&nbsp;<\/td><td>Eva Thelisson <em>(AI Transparency Institute)<\/em><\/td><\/tr><tr><td><strong>09:00 &#8211; 11:00<\/strong><\/td><td><strong>Panel: Healthcare and AI <a href=\"https:\/\/youtu.be\/-PXoMAzjRr4\"><em>[Watch Video]<\/em><\/a><\/strong><\/td><\/tr><tr><td>&nbsp;<\/td><td><strong>Moderated by<\/strong> <em>Ricardo Chavarriaga<\/em><\/td><\/tr><tr><td>&nbsp;<\/td><td>Ulises Cort\u00e9s <em>(Barcelona Supercomputing Center)<\/em><\/td><\/tr><tr><td>&nbsp;<\/td><td>Danielle Belgrave <em>(Microsoft Research)<\/em><\/td><\/tr><tr><td>&nbsp;<\/td><td>Amandeep Singh Gill <em>(Graduate Institute Geneva)<\/em><\/td><\/tr><tr><td>&nbsp;<\/td><td>Anne Cambon-Thomsen <em>(CNRS) <a href=\"http:\/\/2020.ai-gf.com\/wp-content\/uploads\/2021\/11\/Anne-Cambon-Slides-AIGF.pdf\">[Slides]<\/a><\/em><\/td><\/tr><tr><td>&nbsp;<\/td><td>Yi Zeng <em>(Beijing Academy of Artificial Intelligence)<\/em><\/td><\/tr><tr><td>&nbsp;<\/td><td>Karim Berkouk <em>(EU Commission)<\/em><\/td><\/tr><tr><td><strong>11:00 &#8211; 11:30<\/strong><\/td><td><strong>E-Coffee Break<\/strong><\/td><\/tr><tr><td><strong>11:30 &#8211; 12:00<\/strong><\/td><td><strong>Talk: How humans beat AI in the Covid-19 crisis and what we can learn from it<\/strong><\/td><\/tr><tr><td>&nbsp;<\/td><td>Bertrand Pailhes <em>(CNIL)<\/em><\/td><\/tr><tr><td><strong>12:00 &#8211; 13:00<\/strong><\/td><td><strong>Lunch Break<\/strong><\/td><\/tr><tr><td><strong>13:00 &#8211; 13:30<\/strong><\/td><td><strong>Talk: Medical Triage and Ethics Dilemma<\/strong><\/td><\/tr><tr><td>&nbsp;<\/td><td>Johan Rochel <em>(Ethix Lab)<\/em><\/td><\/tr><tr><td><strong>13:30 &#8211; 13:45<\/strong><\/td><td><strong>E-Coffee Break<\/strong><\/td><\/tr><tr><td><strong>13:45 &#8211; 14:45<\/strong><\/td><td><strong>Keynote: A Test for Responsible Development of AI: AI Based Covid-19 Risk Assessment App <a href=\"http:\/\/2020.ai-gf.com\/wp-content\/uploads\/2020\/06\/AIGF-8jun2020.pdf\">[Slides]<\/a><\/strong><\/td><\/tr><tr><td>&nbsp;<\/td><td>Yoshua Bengio <em>(Mila Center)<\/em><\/td><\/tr><tr><td><strong>14:45 &#8211; 15:15<\/strong><\/td><td><strong>E-Coffee Break<\/strong><\/td><\/tr><tr><td><strong>15:15 &#8211; 17:15<\/strong><\/td><td><strong>Panel: Contact Tracing, Privacy and Data Governance&nbsp;<a href=\"https:\/\/youtu.be\/Md2TrKuJ4OQ\"><em>[Watch Video]<\/em><\/a><\/strong><\/td><\/tr><tr><td>&nbsp;<\/td><td><strong>Moderated by<\/strong> <em>Lenka Zdeborova<\/em><\/td><\/tr><tr><td>&nbsp;<\/td><td>Kim Seungryong <em>(Korea University)<\/em><\/td><\/tr><tr><td>&nbsp;<\/td><td>Marc Rotenberg <em>(EPIC)<\/em><\/td><\/tr><tr><td>&nbsp;<\/td><td>Yves-Alexandre de Montjoye <em>(Imperial College)<\/em><\/td><\/tr><tr><td>&nbsp;<\/td><td>Jan Kleijssen <em>(Council of Europe)<\/em><\/td><\/tr><tr><td>&nbsp;<\/td><td>Luca Ferretti <em>(University of Oxford)<\/em><\/td><\/tr><tr><td>&nbsp;<\/td><td>Jean-Henri Morin <em>(University of Geneva)<\/em><\/td><\/tr><tr><td><strong>15:15 &#8211; 17:15<\/strong><\/td><td><strong>Panel: AI Applications and Digital Ethics <a href=\"https:\/\/youtu.be\/FbEhfljFOJ4\"><em>[Watch Video]<\/em><\/a><\/strong><\/td><\/tr><tr><td>&nbsp;<\/td><td><strong>Moderated by<\/strong> <em>Pranav Samir Rajpurkar<\/em><\/td><\/tr><tr><td>&nbsp;<\/td><td>Christopher L\u00fctge <em>(Technische Universit\u00e4t M\u00fcnchen)<\/em><\/td><\/tr><tr><td>&nbsp;<\/td><td>Issam Ibnouhsein <em>(Quantmetry)<\/em><\/td><\/tr><tr><td>&nbsp;<\/td><td>Thomas Gerbaud <em>(AltGR)<\/em><\/td><\/tr><tr><td>&nbsp;<\/td><td>Hubert Etienne <em>(Facebook)<\/em><\/td><\/tr><tr><td>&nbsp;<\/td><td>Fran\u00e7ois Levin <em>(\u00c9cole Polytechnique Paris)<\/em><\/td><\/tr><tr><td>&nbsp;<\/td><td>Hanan Salam <em>(Women in AI)<\/em><\/td><\/tr><\/tbody><\/table><\/figure>\n\n\n\n<div>\n<h4>June 9th, 2020<\/h4>\n<\/div>\n\n\n\n<div class=\"wp-block-columns alignwide is-layout-flex wp-container-core-columns-is-layout-1 wp-block-columns-is-layout-flex\">\n<div class=\"wp-block-column is-layout-flow wp-block-column-is-layout-flow\" style=\"flex-basis:100%\">\n<div>\n<table style=\"width: 100%;\"><colgroup> <col style=\"width: 25%;\" span=\"1\"> <col style=\"width: 75%;\" span=\"1\"> <\/colgroup>\n<tbody>\n<tr>\n<td><strong>09:30 &#8211; 10:00<\/strong><\/td>\n<td><strong>Keynote: Power, Liberty and Democracy in the Age of AI<\/strong><\/td>\n<\/tr>\n<tr>\n<td>&nbsp;<\/td>\n<td>Paul Nemitz <em>(EU Commission)<\/em><\/td>\n<\/tr>\n<tr>\n<td><strong>10:00 &#8211; 12:00<\/strong><\/td>\n<td><strong>Panel: Democratic and Public Policy Challenges <a href=\"https:\/\/youtu.be\/05ckLvHFNpg\"><em>[Watch Video]<\/em><\/a><\/strong><\/td>\n<\/tr>\n<tr>\n<td>&nbsp;<\/td>\n<td><strong>Moderated by<\/strong> <em>Diane de Pompignan<\/em><\/td>\n<\/tr>\n<tr>\n<td>&nbsp;<\/td>\n<td>Maxime Stauffer <em>(Geneva Science Policy Interface)<\/em><\/td>\n<\/tr>\n<tr>\n<td>&nbsp;<\/td>\n<td>J. Peter Burgess <em>(ENS)<\/em><\/td>\n<\/tr>\n<tr>\n<td>&nbsp;<\/td>\n<td>Karin Perset <em>(OECD)<\/em><\/td>\n<\/tr>\n<tr>\n<td>&nbsp;<\/td>\n<td>Pierre Paperon <em>(Exploit.digital) <a href=\"http:\/\/2020.ai-gf.com\/wp-content\/uploads\/2021\/11\/Pierre-Paperon-Governance-of-AI.mp4\">[Slides]<\/a><\/em><\/td>\n<\/tr>\n<tr>\n<td>&nbsp;<\/td>\n<td>Joanna Bryson <em>(Centre for Digital Governance, Hertie School)<\/em><\/td>\n<\/tr>\n<tr>\n<td>&nbsp;<\/td>\n<td>Sasha Rubel <em>(UNESCO)<\/em><\/td>\n<\/tr>\n<tr>\n<td><strong>12:00 &#8211; 13:30<\/strong><\/td>\n<td><strong>Lunch Break<\/strong><\/td>\n<\/tr>\n<tr>\n<td><strong>13:30 &#8211; 14:00<\/strong><\/td>\n<td><strong>Talk: Art and Data Science<\/strong><\/td>\n<\/tr>\n<tr>\n<td>&nbsp;<\/td>\n<td>Kirell Benzi <em>(ekino)<\/em><\/td>\n<\/tr>\n<tr>\n<td><strong>14:00 &#8211; 14:15<\/strong><\/td>\n<td><strong>E-Coffee Break<\/strong><\/td>\n<\/tr>\n<tr>\n<td><strong>14:15 &#8211; 15:45<\/strong><\/td>\n<td><strong>Panel: Climate Change and&nbsp;Sustainability <a href=\"https:\/\/youtu.be\/C-3BsnOupTo\"><em>[Watch Video]<\/em><\/a><\/strong><\/td>\n<\/tr>\n<tr>\n<td>&nbsp;<\/td>\n<td><strong>Moderated by<\/strong> <em>J. Peter Burgess&nbsp;<\/em><\/td>\n<\/tr>\n<tr>\n<td>&nbsp;<\/td>\n<td>M\u00e9lisande Teng&nbsp;<em>(MILA Center)<\/em><\/td>\n<\/tr>\n<tr>\n<td>&nbsp;<\/td>\n<td>Nicolas Miaihle <em>(The Future Society)<\/em><\/td>\n<\/tr>\n<tr>\n<td>&nbsp;<\/td>\n<td>Pierre Philippe Mathieu <em>(European Space Agency)<\/em><\/td>\n<\/tr>\n<tr>\n<td>&nbsp;<\/td>\n<td>David Rolnick <em>(University of Pennsylvania) <a href=\"http:\/\/2020.ai-gf.com\/wp-content\/uploads\/2021\/11\/David-Rolnick.pdf\">[Slides]<\/a><\/em><\/td>\n<\/tr>\n<tr>\n<td>&nbsp;<\/td>\n<td>Diane de Pompignan <em>(AI Transparency Institute)<\/em><\/td>\n<\/tr>\n<tr>\n<td><strong>15:45 &#8211; 16:15<\/strong><\/td>\n<td><strong>Conclusion<\/strong><\/td>\n<\/tr>\n<\/tbody>\n<\/table>\n<\/div>\n<\/div>\n<\/div>\n\n\n\n<p><\/p>\n","protected":false},"excerpt":{"rendered":"<p>Please note that all the following times are in Central European Summer Time (CEST). June 8th, 2020 08:00 &#8211; 08:30 Setting-Up &nbsp; Get your internet connection running, and say &#8220;Hello!&#8221; over virtual coffee 08:30 &#8211; 09:00 Welcome and Overview &nbsp; Eva Thelisson (AI Transparency Institute) 09:00 &#8211; 11:00 Panel: Healthcare and AI [Watch Video] &nbsp;&hellip; <a class=\"more-link\" href=\"https:\/\/2020.ai-gf.com\/?page_id=223\">Continue reading <span class=\"screen-reader-text\">Schedule<\/span><\/a><\/p>\n","protected":false},"author":1,"featured_media":0,"parent":0,"menu_order":0,"comment_status":"closed","ping_status":"closed","template":"homepage.php","meta":{"footnotes":""},"class_list":["post-223","page","type-page","status-publish","hentry","entry"],"_links":{"self":[{"href":"https:\/\/2020.ai-gf.com\/index.php?rest_route=\/wp\/v2\/pages\/223"}],"collection":[{"href":"https:\/\/2020.ai-gf.com\/index.php?rest_route=\/wp\/v2\/pages"}],"about":[{"href":"https:\/\/2020.ai-gf.com\/index.php?rest_route=\/wp\/v2\/types\/page"}],"author":[{"embeddable":true,"href":"https:\/\/2020.ai-gf.com\/index.php?rest_route=\/wp\/v2\/users\/1"}],"replies":[{"embeddable":true,"href":"https:\/\/2020.ai-gf.com\/index.php?rest_route=%2Fwp%2Fv2%2Fcomments&post=223"}],"version-history":[{"count":3,"href":"https:\/\/2020.ai-gf.com\/index.php?rest_route=\/wp\/v2\/pages\/223\/revisions"}],"predecessor-version":[{"id":1705,"href":"https:\/\/2020.ai-gf.com\/index.php?rest_route=\/wp\/v2\/pages\/223\/revisions\/1705"}],"wp:attachment":[{"href":"https:\/\/2020.ai-gf.com\/index.php?rest_route=%2Fwp%2Fv2%2Fmedia&parent=223"}],"curies":[{"name":"wp","href":"https:\/\/api.w.org\/{rel}","templated":true}]}}